{"id":3172,"date":"2024-02-26T13:44:58","date_gmt":"2024-02-26T13:44:58","guid":{"rendered":"https:\/\/wipay.es\/?page_id=3172"},"modified":"2024-02-27T11:33:55","modified_gmt":"2024-02-27T11:33:55","slug":"politica-de-seguridad","status":"publish","type":"page","link":"https:\/\/wipay.es\/eu\/politica-de-seguridad\/","title":{"rendered":"Pol\u00edtica de seguridad"},"content":{"rendered":"<div data-elementor-type=\"wp-page\" data-elementor-id=\"3172\" class=\"elementor elementor-3172\" data-elementor-post-type=\"page\">\n\t\t\t\t\t\t<section class=\"has_ma_el_bg_slider elementor-section elementor-top-section elementor-element elementor-element-40aa196 elementor-section-content-middle elementor-section-boxed elementor-section-height-default elementor-section-height-default jltma-glass-effect-no\" data-id=\"40aa196\" data-element_type=\"section\">\n\t\t\t\t\t\t<div class=\"elementor-container elementor-column-gap-no\">\n\t\t\t\t\t<div class=\"has_ma_el_bg_slider elementor-column elementor-col-100 elementor-top-column elementor-element elementor-element-b8d54b9 jltma-glass-effect-no\" data-id=\"b8d54b9\" data-element_type=\"column\">\n\t\t\t<div class=\"elementor-widget-wrap elementor-element-populated\">\n\t\t\t\t\t\t<div class=\"elementor-element elementor-element-92e6b5d jltma-glass-effect-no elementor-widget elementor-widget-heading\" data-id=\"92e6b5d\" data-element_type=\"widget\" data-widget_type=\"heading.default\">\n\t\t\t\t<div class=\"elementor-widget-container\">\n\t\t\t\t\t<h4 class=\"elementor-heading-title elementor-size-default\">Pol\u00edtica Global de Seguridad<\/h4>\t\t\t\t<\/div>\n\t\t\t\t<\/div>\n\t\t\t\t<div class=\"elementor-element elementor-element-c543cfd jltma-glass-effect-no elementor-widget elementor-widget-text-editor\" data-id=\"c543cfd\" data-element_type=\"widget\" data-widget_type=\"text-editor.default\">\n\t\t\t\t<div class=\"elementor-widget-container\">\n\t\t\t\t\t\t\t\t\t<p>En GLOBAL PAYMENTS SYSTEMS SL, la informaci\u00f3n es un activo fundamental para la prestaci\u00f3n de sus servicios y la toma de decisiones eficientes,<br \/>raz\u00f3n por la cual existe un compromiso expreso de protecci\u00f3n de sus propiedades m\u00e1s significativas como parte de una estrategia orientada a la<br \/>continuidad del negocio, la administraci\u00f3n de riesgos y la consolidaci\u00f3n de una cultura de seguridad.<\/p><p>Consciente de las necesidades actuales, GLOBAL PAYMENTS SYSTEMS SL. implementa un modelo de gesti\u00f3n de seguridad de la informaci\u00f3n como la<br \/>herramienta que permite identificar y minimizar los riesgos a los cuales se expone la informaci\u00f3n, ayuda a la reducci\u00f3n de costos operativos y<br \/>financieros, establece una cultura de seguridad y garantiza el cumplimiento de los requerimientos legales, contractuales, regulatorios y de negocio<br \/>vigentes.<\/p><p>La Pol\u00edtica Global de Seguridad de la Informaci\u00f3n de GLOBAL PAYMENTS SYSTEMS SL se encuentra soportada por pol\u00edticas, normas y procedimientos<br \/>espec\u00edficos los cuales guiar\u00e1n el manejo adecuado de la informaci\u00f3n.<\/p><p>Se establecen pol\u00edticas de seguridad de la informaci\u00f3n las cuales se fundamentan en los dominios y objetivos de control de la norma internacional<br \/>UNE ISO\/IEC 27001:2017.<\/p><p>GLOBAL PAYMENTS SYSTEMS SL establece, define y revisa unos objetivos dentro de su Sistema de Gesti\u00f3n de Seguridad de la Informaci\u00f3n (SGSI)<br \/>encaminados a mejorar su seguridad, entendi\u00e9ndose como la conservaci\u00f3n de la confidencialidad, disponibilidad e integridad de su informaci\u00f3n, as\u00ed<br \/>como de los sistemas que la soportan, aumentando la confianza de nuestros clientes y otras partes interesadas; junto con el cumplimiento de todos<br \/>los requisitos legales, reglamentarios y contractuales que le sean de aplicaci\u00f3n.<\/p><p>El dise\u00f1o, implantaci\u00f3n y mantenimiento del SGSI se apoyar\u00e1 en los resultados de un proceso continuo de an\u00e1lisis y gesti\u00f3n de riesgos del que se<br \/>derivan las actuaciones a desarrollar en materia de seguridad dentro del alcance de su sistema que es el <b>\u201cPROVEEDORA DE SERVICIOS FINANCIEROS<br \/>AUTORIZADA COMO ENTIDAD DE PAGO POR EL BANCO DE ESPA\u00d1A\u201d.<\/b><\/p><p>La Direcci\u00f3n de GLOBAL PAYMENTS SYSTEMS SL. establecer\u00e1 los criterios de evaluaci\u00f3n del riesgo de manera que todos aquellos escenarios que<br \/>impliquen un nivel de riesgo inaceptable sean tratados adecuadamente. Como parte del SGSI, la Direcci\u00f3n desarrollar\u00e1, implantar\u00e1 y mantendr\u00e1<br \/>actualizado un Plan de Continuidad de Negocio acorde a las necesidades de la GLOBAL PAYMENTS SYSTEMS SL. y dimensionado a los riesgos que le<br \/>afectan.<\/p><p>La Direcci\u00f3n de GLOBAL PAYMENTS SYSTEMS SL se compromete a la implantaci\u00f3n, mantenimiento y mejora del SGSI dot\u00e1ndolo de aquellos medios y<br \/>recursos que sean necesarios e instando a todo el personal para que asuma este compromiso. Para ello GLOBAL PAYMENTS SYSTEMS SL implantar\u00e1<br \/>las medidas requeridas para la formaci\u00f3n y concienciaci\u00f3n del personal con la seguridad de la informaci\u00f3n. A su vez, cuando los trabajadores<br \/>incumplan las pol\u00edticas de seguridad la Direcci\u00f3n se reserva el derecho de aplicar las medidas disciplinarias acordes al convenio de los trabajadores y<br \/>dentro del marco legal aplicable, y dimensionadas al impacto que tengan sobre la organizaci\u00f3n.<\/p><p>La responsabilidad general de la seguridad de la informaci\u00f3n recaer\u00e1 sobre el Responsable de la Seguridad, que contar\u00e1 con el Responsable de<br \/>Gesti\u00f3n del Sistema de Seguridad de la Informaci\u00f3n y con el Responsable T\u00e9cnico y Administrador del Sistema como parte de su equipo, siendo la<br \/>responsabilidad \u00faltima de la Direcci\u00f3n como m\u00e1ximo responsable del SGSI.<\/p><p>Todo lo definido en esta pol\u00edtica se concretar\u00e1 y desarrollar\u00e1 en normativas y procedimientos del SGSI, las cuales se integrar\u00e1n en la medida de lo<br \/>posible con otros sistemas de gesti\u00f3n de la organizaci\u00f3n compartiendo aquellos recursos en pro de la optimizaci\u00f3n y buscando la mejora continua de<br \/>la eficiencia y eficacia de la gesti\u00f3n de los procesos.<\/p><p>Todo el personal interno, proveedores, y en general todos aquellos que tengan responsabilidades sobre las fuentes, repositorios y recursos de<br \/>procesamiento de la informaci\u00f3n de GLOBAL PAYMENTS SYSTEMS SL deben adoptar los requerimientos contenidos en el presente documento y en los<br \/>documentos relacionados con \u00e9l, con el fin de mantener la confidencialidad, la integridad y asegurar la disponibilidad de la informaci\u00f3n.<br \/>Todo usuario tendr\u00e1 la obligaci\u00f3n de reportar los incidentes en materia de seguridad utilizando las directrices establecidas por GLOBAL PAYMENTS<br \/>SYSTEMS SL.<\/p><p><br \/>La Direcci\u00f3n de GLOBAL PAYMENTS SYSTEMS SL. tendr\u00e1 potestad de modificar la Pol\u00edtica Global o las Pol\u00edticas Espec\u00edficas de Seguridad de la<br \/>Informaci\u00f3n de acuerdo con las necesidades de revisi\u00f3n establecidas peri\u00f3dicamente o a la aplicabilidad de las mismas.<br \/>La presente pol\u00edtica se pone en su conocimiento y es comunicada a todas las partes interesadas.<\/p>\t\t\t\t\t\t\t\t<\/div>\n\t\t\t\t<\/div>\n\t\t\t\t<div class=\"elementor-element elementor-element-22f630e elementor-view-default jltma-glass-effect-no elementor-widget elementor-widget-icon\" data-id=\"22f630e\" data-element_type=\"widget\" data-widget_type=\"icon.default\">\n\t\t\t\t<div class=\"elementor-widget-container\">\n\t\t\t\t\t\t\t<div class=\"elementor-icon-wrapper\">\n\t\t\t<div class=\"elementor-icon\">\n\t\t\t<i aria-hidden=\"true\" class=\"far fa-file-pdf\"><\/i>\t\t\t<\/div>\n\t\t<\/div>\n\t\t\t\t\t\t<\/div>\n\t\t\t\t<\/div>\n\t\t\t\t<div class=\"elementor-element elementor-element-8cbcf6d elementor-align-center jltma-glass-effect-no elementor-widget elementor-widget-button\" data-id=\"8cbcf6d\" data-element_type=\"widget\" data-widget_type=\"button.default\">\n\t\t\t\t<div class=\"elementor-widget-container\">\n\t\t\t\t\t\t\t\t\t<div class=\"elementor-button-wrapper\">\n\t\t\t\t\t<a class=\"elementor-button elementor-button-link elementor-size-sm\" href=\"https:\/\/wipay.es\/wp-content\/uploads\/2024\/02\/POLITICA_DE_SEGURIDAD_GPS.docx.pdf\" target=\"_blank\">\n\t\t\t\t\t\t<span class=\"elementor-button-content-wrapper\">\n\t\t\t\t\t\t\t\t\t<span class=\"elementor-button-text\">Descargar documento sobre la Pol\u00edtica Global de Seguridad.<\/span>\n\t\t\t\t\t<\/span>\n\t\t\t\t\t<\/a>\n\t\t\t\t<\/div>\n\t\t\t\t\t\t\t\t<\/div>\n\t\t\t\t<\/div>\n\t\t\t\t\t<\/div>\n\t\t<\/div>\n\t\t\t\t\t<\/div>\n\t\t<\/section>\n\t\t\t\t<\/div>","protected":false},"excerpt":{"rendered":"<p>Pol\u00edtica Global de Seguridad En GLOBAL PAYMENTS SYSTEMS SL, la informaci\u00f3n es un activo fundamental para la prestaci\u00f3n de sus servicios y la toma de decisiones eficientes,raz\u00f3n por la cual existe un compromiso expreso de protecci\u00f3n de sus propiedades m\u00e1s significativas como parte de una estrategia orientada a lacontinuidad del negocio, la administraci\u00f3n de riesgos [&hellip;]<\/p>","protected":false},"author":2,"featured_media":0,"parent":0,"menu_order":0,"comment_status":"closed","ping_status":"closed","template":"","meta":{"om_disable_all_campaigns":false,"inline_featured_image":false,"footnotes":""},"class_list":["post-3172","page","type-page","status-publish","hentry"],"aioseo_notices":[],"_links":{"self":[{"href":"https:\/\/wipay.es\/eu\/wp-json\/wp\/v2\/pages\/3172","targetHints":{"allow":["GET"]}}],"collection":[{"href":"https:\/\/wipay.es\/eu\/wp-json\/wp\/v2\/pages"}],"about":[{"href":"https:\/\/wipay.es\/eu\/wp-json\/wp\/v2\/types\/page"}],"author":[{"embeddable":true,"href":"https:\/\/wipay.es\/eu\/wp-json\/wp\/v2\/users\/2"}],"replies":[{"embeddable":true,"href":"https:\/\/wipay.es\/eu\/wp-json\/wp\/v2\/comments?post=3172"}],"version-history":[{"count":25,"href":"https:\/\/wipay.es\/eu\/wp-json\/wp\/v2\/pages\/3172\/revisions"}],"predecessor-version":[{"id":3287,"href":"https:\/\/wipay.es\/eu\/wp-json\/wp\/v2\/pages\/3172\/revisions\/3287"}],"wp:attachment":[{"href":"https:\/\/wipay.es\/eu\/wp-json\/wp\/v2\/media?parent=3172"}],"curies":[{"name":"wp","href":"https:\/\/api.w.org\/{rel}","templated":true}]}}