{"id":2504,"date":"2022-11-28T14:25:12","date_gmt":"2022-11-28T14:25:12","guid":{"rendered":"https:\/\/wipay.es\/?page_id=2504"},"modified":"2025-12-01T08:34:50","modified_gmt":"2025-12-01T08:34:50","slug":"politica-de-cookies","status":"publish","type":"page","link":"https:\/\/wipay.es\/eu\/politica-de-cookies\/","title":{"rendered":"Cookie policy"},"content":{"rendered":"<div data-elementor-type=\"wp-page\" data-elementor-id=\"2504\" class=\"elementor elementor-2504\" data-elementor-post-type=\"page\">\n\t\t\t\t\t\t<section class=\"has_ma_el_bg_slider elementor-section elementor-top-section elementor-element elementor-element-23e0324e elementor-section-content-middle elementor-section-boxed elementor-section-height-default elementor-section-height-default jltma-glass-effect-no\" data-id=\"23e0324e\" data-element_type=\"section\">\n\t\t\t\t\t\t<div class=\"elementor-container elementor-column-gap-no\">\n\t\t\t\t\t<div class=\"has_ma_el_bg_slider elementor-column elementor-col-100 elementor-top-column elementor-element elementor-element-2b4c714e jltma-glass-effect-no\" data-id=\"2b4c714e\" data-element_type=\"column\">\n\t\t\t<div class=\"elementor-widget-wrap elementor-element-populated\">\n\t\t\t\t\t\t<div class=\"elementor-element elementor-element-3c785b9c jltma-glass-effect-no elementor-widget elementor-widget-heading\" data-id=\"3c785b9c\" data-element_type=\"widget\" data-widget_type=\"heading.default\">\n\t\t\t\t<div class=\"elementor-widget-container\">\n\t\t\t\t\t<h4 class=\"elementor-heading-title elementor-size-default\">Pol\u00edtica de Cookies<\/h4>\t\t\t\t<\/div>\n\t\t\t\t<\/div>\n\t\t\t\t<div class=\"elementor-element elementor-element-68b06734 jltma-glass-effect-no elementor-widget elementor-widget-text-editor\" data-id=\"68b06734\" data-element_type=\"widget\" data-widget_type=\"text-editor.default\">\n\t\t\t\t<div class=\"elementor-widget-container\">\n\t\t\t\t\t\t\t\t\t<h5><strong>Fecha<\/strong><b> de actualizaci\u00f3n: <span style=\"font-weight: 400;\">22 de mayo de 2025<\/span><\/b><\/h5><p><span style=\"font-family: 'Red Hat Display', sans-serif; font-size: 18px;\">El objetivo de esta pol\u00edtica es informar a los interesados acerca de las cookies que emplea esta p\u00e1gina web, de conformidad con lo establecido en la Ley 34\/2002, de 11 de julio, de Servicios de la Sociedad de la Informaci\u00f3n y de Comercio Electr\u00f3nico, y el Reglamento (UE) 2016\/679 del Parlamento Europeo y del Consejo de 27 de abril de 2016.<\/span><\/p><p>\u00a0<\/p><h4><strong>1. USO DE COOKIES. \u00bfQU\u00c9 SON LAS COOKIES?<\/strong><\/h4><p>Las cookies son ficheros que se descargan en su Ordenador, Smartphone o Tablet al acceder a determinadas p\u00e1ginas web, que almacenan y recuperan informaci\u00f3n cuando navegas. La utilizaci\u00f3n de cookies ofrece numerosas ventajas en la prestaci\u00f3n de servicios de la Sociedad de la Informaci\u00f3n, puesto que, entre otras:<\/p><ul><li>(a) facilita la navegaci\u00f3n del usuario en el Sitio Web;<\/li><li>(b) facilita al usuario el acceso a los diferentes servicios que ofrece el Sitio Web;<\/li><li>(c) evita al usuario volver a configurar las caracter\u00edsticas generales predefinidas cada vez que accede al Sitio Web;<\/li><li>(d) favorece la mejora del funcionamiento y de los servicios prestados a trav\u00e9s del Sitio Web, tras el correspondiente an\u00e1lisis de la informaci\u00f3n obtenida a trav\u00e9s de las cookies instaladas;<\/li><li>(e) permiten a un Sitio Web, entre otras cosas, almacenar y recuperar informaci\u00f3n sobre los h\u00e1bitos de navegaci\u00f3n de un usuario o de su equipo y, dependiendo de la informaci\u00f3n que contengan y de la forma en que utilice su equipo, pueden utilizarse para reconocer al usuario.<\/li><\/ul><p>La mayor\u00eda de los navegadores aceptan como est\u00e1ndar las cookies y, con independencia de las mismas, permiten o impiden en los ajustes de seguridad las cookies temporales o memorizadas. Tenga en cuenta que, para poder utilizar y contar con una mejor experiencia de navegaci\u00f3n, es necesario que tenga habilitadas las cookies, especialmente aquellas de car\u00e1cter t\u00e9cnico que resultan necesarias para que puedan identificarle como usuario registrado cada vez que acceda a la presente web. En caso de no querer recibir cookies, puede, configure su navegador de internet, para que las borre del disco duro de su ordenador, las bloquee o le avise en su caso de instalaci\u00f3n de las mismas.<\/p><p>\u00a0<\/p><h4><strong>2. \u00bfQU\u00c9 TIPOS DE COOKIES UTILIZA ESTA P\u00c1GINA WEB?<\/strong><\/h4><p>Con el fin de proporcionarle la m\u00e1xima informaci\u00f3n posible, en primer lugar, procedemos a realizar una clasificaci\u00f3n de las cookies, en funci\u00f3n de una serie de categor\u00edas:<\/p><p><strong><span style=\"text-decoration: underline;\">Tipos de cookies seg\u00fan la entidad que las gestione:<\/span><\/strong><\/p><ul><li>a) Cookies Propias:<br \/>Son aquellas de las que es responsable el propio editor y que, generalmente, se env\u00edan al equipo terminal del usuario desde un equipo o dominio gestionado por el propio editor y desde el que se presta el servicio solicitado por el usuario.<\/li><li>b) Cookies de terceros:<br \/>Son aquellas de las que es responsable una entidad distinta del editor y que, generalmente, se env\u00edan al equipo terminal del usuario desde un equipo o dominio que no es gestionado por el editor, sino por otra entidad que trata los datos obtenidos a trav\u00e9s de las cookies.<\/li><li>Tipos de cookies seg\u00fan su finalidad:<\/li><li>a) Cookies t\u00e9cnicas: son aquellas que permiten al usuario la navegaci\u00f3n a trav\u00e9s de una p\u00e1gina web, plataforma o aplicaci\u00f3n y la utilizaci\u00f3n de las diferentes opciones o servicios que en ella existan, incluyendo aquellas que el editor utiliza para permitir la gesti\u00f3n y operativa de la p\u00e1gina web y habilitar sus funciones y servicios, como, por ejemplo, controlar el tr\u00e1fico y la comunicaci\u00f3n de datos, identificar la sesi\u00f3n, acceder a partes de acceso restringido, realizar el proceso de compra, realizar, almacenar contenidos, para la difusi\u00f3n de v\u00eddeos o sonido, habilitar contenidos din\u00e1micos, etc.).<\/li><li>b) Cookies de preferencias o personalizaci\u00f3n: son aquellas que permiten recordar informaci\u00f3n para que el usuario acceda al servicio con determinadas caracter\u00edsticas que pueden diferenciar su experiencia de la de otros usuarios, como, por ejemplo, el idioma, el n\u00famero de resultados a mostrar cuando el usuario realiza una b\u00fasqueda, etc.<\/li><li>c) Cookies de an\u00e1lisis o medici\u00f3n: son aquellas que permiten al responsable de las mismas el seguimiento y an\u00e1lisis del comportamiento de los usuarios de los sitios web a los que est\u00e1n vinculadas, incluida la cuantificaci\u00f3n de los impactos de los anuncios.<\/li><li>d) Cookies de publicidad comportamental: son aquellas que almacenan informaci\u00f3n del comportamiento de los usuarios obtenida a trav\u00e9s de la observaci\u00f3n continuada de sus h\u00e1bitos de navegaci\u00f3n, lo que permite desarrollar un perfil espec\u00edfico para mostrar publicidad en funci\u00f3n del mismo.<\/li><\/ul><p>\u00a0<\/p><p><span style=\"text-decoration: underline;\"><strong>Tipos de cookies seg\u00fan el plazo de tiempo que permanecen activadas:<\/strong><\/span><\/p><ul><li>a) Cookies de sesi\u00f3n: son aquellas dise\u00f1adas para recabar y almacenar datos mientras el usuario accede a una p\u00e1gina web. Se suelen emplear para almacenar informaci\u00f3n que solo interesa conservar para la prestaci\u00f3n del servicio solicitado por el usuario en una sola ocasi\u00f3n (por ejemplo, una lista de productos adquiridos) y desaparecen al terminar la sesi\u00f3n.<\/li><li>b) Cookies persistentes: son aquellas en las que los datos siguen almacenados en el terminal y pueden ser accedidos y tratados durante un periodo definido por el responsable de la cookie, y que puede ir de unos minutos a varios a\u00f1os.\u00a0<\/li><\/ul><p>A continuaci\u00f3n, detallamos la lista de las cookies que utilizamos:<\/p>\t\t\t\t\t\t\t\t<\/div>\n\t\t\t\t<\/div>\n\t\t\t\t<section class=\"has_ma_el_bg_slider elementor-section elementor-inner-section elementor-element elementor-element-7e2b74d elementor-section-boxed elementor-section-height-default elementor-section-height-default jltma-glass-effect-no\" data-id=\"7e2b74d\" data-element_type=\"section\">\n\t\t\t\t\t\t<div class=\"elementor-container elementor-column-gap-default\">\n\t\t\t\t\t<div class=\"has_ma_el_bg_slider elementor-column elementor-col-100 elementor-inner-column elementor-element elementor-element-0f6708f jltma-glass-effect-no\" data-id=\"0f6708f\" data-element_type=\"column\">\n\t\t\t<div class=\"elementor-widget-wrap elementor-element-populated\">\n\t\t\t\t\t\t<div class=\"elementor-element elementor-element-c9028ef jltma-glass-effect-no elementor-widget elementor-widget-ma-table\" data-id=\"c9028ef\" data-element_type=\"widget\" data-widget_type=\"ma-table.default\">\n\t\t\t\t<div class=\"elementor-widget-container\">\n\t\t\t\t\t\n        <table class=\"jltma-table table table-striped\">\n            <thead class=\"jltma-table-header\">\n                <tr>\n                    \n                        <th scope=\"jltma-row\" class=\"elementor-inline-editing elementor-repeater-item-0848070\"  >\n\n                            \n                            Nombre\n                        <\/th>\n\n                    \n                        <th scope=\"jltma-row\" class=\"elementor-inline-editing elementor-repeater-item-55c5432\"  >\n\n                            \n                            Tipo\n                        <\/th>\n\n                    \n                        <th scope=\"jltma-row\" class=\"elementor-inline-editing elementor-repeater-item-55c92e1\"  >\n\n                            \n                            Proveedor\n                        <\/th>\n\n                    \n                        <th scope=\"jltma-row\" class=\"elementor-inline-editing elementor-repeater-item-675a6cc\"  >\n\n                            \n                            Finalidad\n                        <\/th>\n\n                    \n                        <th scope=\"jltma-row\" class=\"elementor-inline-editing elementor-repeater-item-584c28b\"  >\n\n                            \n                            Duraci\u00f3n\n                        <\/th>\n\n                    \n                        <th scope=\"jltma-row\" class=\"elementor-inline-editing elementor-repeater-item-fd40516\"  >\n\n                            \n                            M\u00e1s info.\n                        <\/th>\n\n                                    <\/tr>\n            <\/thead>\n\n            <tbody class=\"jltma-table-body\">\n                <tr>\n                    \n                        <td data-column=\"Nombre\"   class=\"elementor-repeater-item-77ed308\">\n\n                            Lorem\n                            \n\n                        <\/td>\n                    \n                        <td data-column=\"Tipo\"   class=\"elementor-repeater-item-e5bdd59\">\n\n                            Lorem\n                            \n\n                        <\/td>\n                    \n                        <td data-column=\"Proveedor\"   class=\"elementor-repeater-item-7f98ce8\">\n\n                            Lorem\n                            \n\n                        <\/td>\n                    \n                        <td data-column=\"Finalidad\"   class=\"elementor-repeater-item-2945587\">\n\n                            Lorem\n                            \n\n                        <\/td>\n                    \n                        <td data-column=\"Duraci\u00f3n\"   class=\"elementor-repeater-item-5dc9220\">\n\n                            Lorem\n                            \n\n                        <\/td>\n                    \n                        <td data-column=\"M\u00e1s info.\"   class=\"elementor-repeater-item-206d84a\">\n\n                            Lorem\n                            \n\n                        <\/td>\n                    <\/tr><tr>\n                        <td data-column=\"Nombre\"   class=\"elementor-repeater-item-315f549\">\n\n                            Lorem\n                            \n\n                        <\/td>\n                    \n                        <td data-column=\"Tipo\"   class=\"elementor-repeater-item-9b53d31\">\n\n                            Lorem\n                            \n\n                        <\/td>\n                    \n                        <td data-column=\"Proveedor\"   class=\"elementor-repeater-item-d23744f\">\n\n                            Lorem\n                            \n\n                        <\/td>\n                    \n                        <td data-column=\"Finalidad\"   class=\"elementor-repeater-item-0d615e8\">\n\n                            Lorem\n                            \n\n                        <\/td>\n                    \n                        <td data-column=\"Duraci\u00f3n\"   class=\"elementor-repeater-item-5bab4b4\">\n\n                            Lorem\n                            \n\n                        <\/td>\n                    \n                        <td data-column=\"M\u00e1s info.\"   class=\"elementor-repeater-item-1952e10\">\n\n                            Lorem\n                            \n\n                        <\/td>\n                    \n                <\/tr>\n            <\/tbody>\n        <\/table>\n\n\n\t\t\t\t<\/div>\n\t\t\t\t<\/div>\n\t\t\t\t\t<\/div>\n\t\t<\/div>\n\t\t\t\t\t<\/div>\n\t\t<\/section>\n\t\t\t\t<div class=\"elementor-element elementor-element-26054e3 jltma-glass-effect-no elementor-widget elementor-widget-text-editor\" data-id=\"26054e3\" data-element_type=\"widget\" data-widget_type=\"text-editor.default\">\n\t\t\t\t<div class=\"elementor-widget-container\">\n\t\t\t\t\t\t\t\t\t<p><span style=\"font-weight: 400;\">El portal del que es titular GLOBAL PAYMENT SYSTEMS SL puede contener enlaces a sitios web de terceros, cuyas pol\u00edticas de privacidad son ajenas a la de GLOBAL PAYMENT SYSTEMS SL. Al acceder a tales sitios web usted puede decidir si acepta sus pol\u00edticas de privacidad y de cookies. Con car\u00e1cter general, si navega por internet usted puede aceptar o rechazar las cookies de terceros desde las opciones de configuraci\u00f3n de su navegador.<\/span><span style=\"font-weight: 400;\">GLOBAL PAYMENT SYSTEMS SL no se hace responsable, en ning\u00fan caso, ni del contenido ni de la veracidad de las pol\u00edticas y\/o condiciones de uso y privacidad de los terceros.<\/span><b><\/b><\/p><h4><strong>3. CONSENTIMIENTO\u00a0<\/strong><\/h4><p><span style=\"font-weight: 400;\">En relaci\u00f3n con la utilizaci\u00f3n de cookies de este sitio web, el usuario autoriza y consiente su uso de la siguiente forma:<\/span><\/p><p><span style=\"font-weight: 400;\">Cuando el usuario accede a cualquier p\u00e1gina de la web, ver\u00e1 un aviso donde se indica que la p\u00e1gina web de GLOBAL PAYMENT SYSTEMS SL utiliza cookies, pudiendo el usuario aceptar o rechazar o configurarlas mismas. Al hacer clic en aceptar, usted acepta el uso de nuestras cookies y, en su caso, las de terceros. A estos efectos, le indicamos que el panel de configuraci\u00f3n permite la posibilidad de aceptarlas o rechazarlas por tipolog\u00eda.<\/span><\/p><h4><b>4. PLAZOS O CRITERIOS DE CONSERVACI\u00d3N DE LOS DATOS<\/b><\/h4><p><span style=\"font-weight: 400;\">Los datos obtenidos a trav\u00e9s del uso de las cookies por usted seleccionadas, ser\u00e1n conservados durante el tiempo necesario para cumplir con las finalidades para los que fueron recopilados y durante el periodo de tiempo establecido en el apartado \u00ab<\/span><i><span style=\"font-weight: 400;\">QU\u00c9 TIPOS DE COOKIES UTILIZA ESTA P\u00c1GINA WEB<\/span><\/i><span style=\"font-weight: 400;\">\u00bb de la presente pol\u00edtica, para cada una de las cookies instaladas en el dispositivo.<\/span><\/p><h4><b>5. C\u00d3MO BLOQUEAR REVOCAR O ELIMINAR LAS COOKIES INSTALADAS<\/b><\/h4><p><span style=\"font-weight: 400;\">Puede usted permitir, bloquear, revocar o eliminar las cookies instaladas en su equipo a trav\u00e9s de la configuraci\u00f3n de su navegador. Puede encontrar informaci\u00f3n sobre c\u00f3mo hacerlo, en relaci\u00f3n con los navegadores m\u00e1s comunes, en los links que se incluyen a continuaci\u00f3n:<\/span><span style=\"font-weight: 400;\"> [A\u00d1ADIR HIPERENLACE]<\/span><\/p><ul><li style=\"font-weight: 400;\" aria-level=\"1\"><p><span style=\"font-weight: 400;\">Microsoft Edge: <\/span><a href=\"https:\/\/privacy.microsoft.com\/es-es\/windows-10-microsoft-edge-and-privacy\"><span style=\"font-weight: 400;\">https:\/\/privacy.microsoft.com\/es-es\/windows-10-microsoft-edge-and-privacy<\/span><\/a><\/p><\/li><li style=\"font-weight: 400;\" aria-level=\"1\"><p><span style=\"font-weight: 400;\">Chrome:<\/span><a href=\"http:\/\/support.google.com\/chrome\/bin\/answer.py?hl=es&amp;answer=95647\"><span style=\"font-weight: 400;\">https:\/\/support.google.com\/chrome\/answer\/95647?co=GENIE.Platform%3DDesktop&amp;hl=esttp:\/\/support.google.com\/chrome\/bin\/answer.py?hl=es&amp;answer=95647<\/span><\/a><\/p><\/li><li style=\"font-weight: 400;\" aria-level=\"1\"><p><span style=\"font-weight: 400;\">Firefox: <\/span><a href=\"http:\/\/support.mozilla.org\/es\/kb\/Borrar%20cookies\"><span style=\"font-weight: 400;\">http:\/\/support.mozilla.org\/es\/kb\/Borrar%20cookies<\/span><\/a><\/p><\/li><li style=\"font-weight: 400;\" aria-level=\"1\"><p><span style=\"font-weight: 400;\">Safari: <\/span><a href=\"http:\/\/support.apple.com\/kb\/ph5042\"><span style=\"font-weight: 400;\">http:\/\/support.apple.com\/kb\/ph5042<\/span><\/a><span style=\"font-weight: 400;\">.<\/span><\/p><\/li><li style=\"font-weight: 400;\" aria-level=\"1\"><p><span style=\"font-weight: 400;\">Opera: <\/span><a href=\"https:\/\/help.opera.com\/en\/latest\/web-preferences\/#cookies\"><span style=\"font-weight: 400;\">https:\/\/help.opera.com\/en\/latest\/web-preferences\/#cookies<\/span><\/a><\/p><\/li><\/ul><h4><b>6. HERRAMIENTAS DEL SITIO WEB<\/b><\/h4><p><b>Google Analytics 4\u00a0<\/b><\/p><p><span style=\"font-weight: 400;\">Siempre que contemos con su consentimiento, utilizaremos Google Analytics con fines estad\u00edsticos a efectos de comprender como interact\u00faa con nuestro sitio web sin que Google identifique personalmente a cada visitante. A estos efectos, debe tener en cuenta que Google Analytics 4 no registra ni almacena direcciones IP en ning\u00fan servidor, sino que emplea un modelo de medici\u00f3n basado en eventos y par\u00e1metros, siendo esta la informaci\u00f3n que registra en los dominios y servidores de la UE.\u00a0\u00a0<\/span><\/p><p><a href=\"https:\/\/support.google.com\/analytics\/answer\/12002752?hl=es&amp;amp%3Bref_topic=9303474%5d\"><span style=\"font-weight: 400;\">https:\/\/support.google.com\/analytics\/answer\/12002752?hl=es&amp;amp%3Bref_topic=9303474<\/span><span style=\"font-weight: 400;\">]<\/span><\/a><\/p><p><span style=\"font-weight: 400;\">En este contexto, Google \u00fanicamente recopila datos granulares de ubicaci\u00f3n aproximada y de caracter\u00edsticas del dispositivo. Asimismo, Google solo incluir\u00e1 datos estimados de usuarios que han consentido el uso de identificadores.\u00a0<\/span><\/p><p><a href=\"https:\/\/support.google.com\/analytics\/answer\/2700409?hl=es&amp;ref_topic=9303474\"><span style=\"font-weight: 400;\">https:\/\/support.google.com\/analytics\/answer\/2700409?hl=es&amp;ref_topic=9303474<\/span><\/a><span style=\"font-weight: 400;\">]\u00a0<\/span><\/p><p><span style=\"color: #000000;\"><span style=\"font-weight: 400;\">Adicionalmente le informamos de que tenemos habilitadas las siguientes funciones publicitarias; Google Analytics<\/span><span style=\"font-weight: 400;\">. Puede inhabilitar las Funciones publicitarias de Google Analytics\u00a0 desde el gestor de cookies<\/span><span style=\"font-weight: 400;\">\u00a0o instalando en su dispositivo el complemento de inhabilitaci\u00f3n para navegadores de Google Analytics, a trav\u00e9s del siguiente enlace<\/span> <a style=\"color: #000000;\" href=\"https:\/\/tools.google.com\/dlpage\/gaoptout\/\"><span style=\"font-weight: 400;\">https:\/\/tools.google.com\/dlpage\/gaoptout\/<\/span><\/a><\/span><\/p><p><span style=\"font-weight: 400;\">Para m\u00e1s informaci\u00f3n, puede visitar la pol\u00edtica de privacidad de nuestro proveedor haciendo clic <\/span><a href=\"https:\/\/policies.google.com\/privacy?hl=es\"><span style=\"font-weight: 400;\">aqu\u00ed<\/span><span style=\"font-weight: 400;\">.<\/span><\/a><\/p><h4><b>7. DESTINATARIOS DE LA INFORMACI\u00d3N<\/b><\/h4><p><span style=\"font-weight: 400;\">Le informamos de que los proveedores detallados en la presente pol\u00edtica tienen acceso a la informaci\u00f3n obtenida a trav\u00e9s de las cookies del sitio web. Asimismo, le informamos de que algunos de nuestros proveedores, y\/o empresas colaboradoras pueden realizar transferencias a terceros pa\u00edses. A estos efectos, le recomendamos que visite sus respectivas pol\u00edticas de privacidad, las cuales se encuentran accesibles a trav\u00e9s de los enlaces facilitados en el <\/span><span style=\"font-weight: 400;\">listado de cookies\/Panel de Configuraci\u00f3n<\/span><span style=\"font-weight: 400;\">.<\/span><\/p><h4><b>8. MODIFICACIONES\/ACTUALIZACI\u00d3N\u00a0<\/b><\/h4><p><span style=\"font-weight: 400;\">La presente pol\u00edtica de cookies puede verse modificada\/actualizada en funci\u00f3n de las exigencias legales establecidas o con la finalidad de adaptar dicha pol\u00edtica a las instrucciones dictadas por la Agencia Espa\u00f1ola de Protecci\u00f3n de Datos o por actualizaci\u00f3n de nuestro sitio web. Por esta raz\u00f3n, aconsejamos a los usuarios que visiten peri\u00f3dicamente nuestra pol\u00edtica de cookies.\u00a0<\/span><span style=\"font-weight: 400;\">Si tiene dudas acerca de esta pol\u00edtica de cookies, puede contactar con GLOBAL PAYMENT SYSTEMS SL a trav\u00e9s del siguiente correo electr\u00f3nico <\/span><a href=\"mailto:dpo@wipay.es\"><span style=\"font-weight: 400;\">dpo@wipay.es<\/span><\/a><\/p><p><span style=\"font-weight: 400;\">Para obtener informaci\u00f3n adicional sobre el tratamiento de sus datos personales acuda a nuestra <\/span><a href=\"https:\/\/wipay.es\/eu\/politica-de-privacidad\/\"><span style=\"font-weight: 400;\">Pol\u00edtica de Privacidad.<\/span><\/a><\/p>\t\t\t\t\t\t\t\t<\/div>\n\t\t\t\t<\/div>\n\t\t\t\t\t<\/div>\n\t\t<\/div>\n\t\t\t\t\t<\/div>\n\t\t<\/section>\n\t\t\t\t<\/div>","protected":false},"excerpt":{"rendered":"<p>Pol\u00edtica de Cookies Fecha de actualizaci\u00f3n: 22 de mayo de 2025 El objetivo de esta pol\u00edtica es informar a los interesados acerca de las cookies que emplea esta p\u00e1gina web, de conformidad con lo establecido en la Ley 34\/2002, de 11 de julio, de Servicios de la Sociedad de la Informaci\u00f3n y de Comercio Electr\u00f3nico, [&hellip;]<\/p>","protected":false},"author":2,"featured_media":0,"parent":0,"menu_order":0,"comment_status":"closed","ping_status":"closed","template":"","meta":{"om_disable_all_campaigns":false,"inline_featured_image":false,"footnotes":""},"class_list":["post-2504","page","type-page","status-publish","hentry"],"aioseo_notices":[],"_links":{"self":[{"href":"https:\/\/wipay.es\/eu\/wp-json\/wp\/v2\/pages\/2504","targetHints":{"allow":["GET"]}}],"collection":[{"href":"https:\/\/wipay.es\/eu\/wp-json\/wp\/v2\/pages"}],"about":[{"href":"https:\/\/wipay.es\/eu\/wp-json\/wp\/v2\/types\/page"}],"author":[{"embeddable":true,"href":"https:\/\/wipay.es\/eu\/wp-json\/wp\/v2\/users\/2"}],"replies":[{"embeddable":true,"href":"https:\/\/wipay.es\/eu\/wp-json\/wp\/v2\/comments?post=2504"}],"version-history":[{"count":28,"href":"https:\/\/wipay.es\/eu\/wp-json\/wp\/v2\/pages\/2504\/revisions"}],"predecessor-version":[{"id":4810,"href":"https:\/\/wipay.es\/eu\/wp-json\/wp\/v2\/pages\/2504\/revisions\/4810"}],"wp:attachment":[{"href":"https:\/\/wipay.es\/eu\/wp-json\/wp\/v2\/media?parent=2504"}],"curies":[{"name":"wp","href":"https:\/\/api.w.org\/{rel}","templated":true}]}}