{"id":2006,"date":"2022-11-09T13:09:10","date_gmt":"2022-11-09T13:09:10","guid":{"rendered":"https:\/\/wipay.es\/?page_id=2006"},"modified":"2022-12-14T14:29:37","modified_gmt":"2022-12-14T14:29:37","slug":"sala-de-prensa","status":"publish","type":"page","link":"http:\/\/wipay.es\/eu\/sala-de-prensa\/","title":{"rendered":"Press Room"},"content":{"rendered":"<div data-elementor-type=\"wp-page\" data-elementor-id=\"2006\" class=\"elementor elementor-2006\" data-elementor-post-type=\"page\">\n\t\t\t\t\t\t<section class=\"has_ma_el_bg_slider elementor-section elementor-top-section elementor-element elementor-element-526d5734 elementor-section-boxed elementor-section-height-default elementor-section-height-default jltma-glass-effect-no elementor-invisible\" data-id=\"526d5734\" data-element_type=\"section\" data-settings=\"{&quot;animation&quot;:&quot;fadeIn&quot;}\">\n\t\t\t\t\t\t<div class=\"elementor-container elementor-column-gap-default\">\n\t\t\t\t\t<div class=\"has_ma_el_bg_slider elementor-column elementor-col-100 elementor-top-column elementor-element elementor-element-75f23fea jltma-glass-effect-no\" data-id=\"75f23fea\" data-element_type=\"column\" data-settings=\"{&quot;background_background&quot;:&quot;classic&quot;}\">\n\t\t\t<div class=\"elementor-widget-wrap elementor-element-populated\">\n\t\t\t\t\t\t<div class=\"elementor-element elementor-element-56efae19 jltma-glass-effect-no elementor-widget elementor-widget-heading\" data-id=\"56efae19\" data-element_type=\"widget\" data-widget_type=\"heading.default\">\n\t\t\t\t<div class=\"elementor-widget-container\">\n\t\t\t\t\t<h2 class=\"elementor-heading-title elementor-size-default\">PRESS ROOM<\/h2>\t\t\t\t<\/div>\n\t\t\t\t<\/div>\n\t\t\t\t<div class=\"elementor-element elementor-element-60fd6eea jltma-glass-effect-no elementor-widget elementor-widget-heading\" data-id=\"60fd6eea\" data-element_type=\"widget\" data-widget_type=\"heading.default\">\n\t\t\t\t<div class=\"elementor-widget-container\">\n\t\t\t\t\t<h4 class=\"elementor-heading-title elementor-size-default\">Wipay's success in the news<\/h4>\t\t\t\t<\/div>\n\t\t\t\t<\/div>\n\t\t\t\t\t<\/div>\n\t\t<\/div>\n\t\t\t\t\t<\/div>\n\t\t<\/section>\n\t\t\t\t<section class=\"has_ma_el_bg_slider elementor-section elementor-top-section elementor-element elementor-element-8a7c5f6 elementor-section-boxed elementor-section-height-default elementor-section-height-default jltma-glass-effect-no\" data-id=\"8a7c5f6\" data-element_type=\"section\">\n\t\t\t\t\t\t<div class=\"elementor-container elementor-column-gap-default\">\n\t\t\t\t\t<div class=\"has_ma_el_bg_slider elementor-column elementor-col-50 elementor-top-column elementor-element elementor-element-7df9c338 jltma-glass-effect-no\" data-id=\"7df9c338\" data-element_type=\"column\">\n\t\t\t<div class=\"elementor-widget-wrap elementor-element-populated\">\n\t\t\t\t\t\t<div class=\"elementor-element elementor-element-83472b3 jltma-glass-effect-no elementor-widget elementor-widget-image\" data-id=\"83472b3\" data-element_type=\"widget\" data-widget_type=\"image.default\">\n\t\t\t\t<div class=\"elementor-widget-container\">\n\t\t\t\t\t\t\t\t\t\t\t\t\t\t\t<img fetchpriority=\"high\" decoding=\"async\" width=\"800\" height=\"599\" src=\"https:\/\/wipay.es\/wp-content\/uploads\/2022\/12\/visa-wipay-1024x767.jpg\" class=\"attachment-large size-large wp-image-2557\" alt=\"\" srcset=\"https:\/\/wipay.es\/wp-content\/uploads\/2022\/12\/visa-wipay-1024x767.jpg 1024w, https:\/\/wipay.es\/wp-content\/uploads\/2022\/12\/visa-wipay-300x225.jpg 300w, https:\/\/wipay.es\/wp-content\/uploads\/2022\/12\/visa-wipay-768x575.jpg 768w, https:\/\/wipay.es\/wp-content\/uploads\/2022\/12\/visa-wipay-16x12.jpg 16w, https:\/\/wipay.es\/wp-content\/uploads\/2022\/12\/visa-wipay.jpg 1200w\" sizes=\"(max-width: 800px) 100vw, 800px\" \/>\t\t\t\t\t\t\t\t\t\t\t\t\t\t\t<\/div>\n\t\t\t\t<\/div>\n\t\t\t\t\t<\/div>\n\t\t<\/div>\n\t\t\t\t<div class=\"has_ma_el_bg_slider elementor-column elementor-col-50 elementor-top-column elementor-element elementor-element-68150001 jltma-glass-effect-no\" data-id=\"68150001\" data-element_type=\"column\">\n\t\t\t<div class=\"elementor-widget-wrap elementor-element-populated\">\n\t\t\t\t\t\t<div class=\"elementor-element elementor-element-45f79c00 jltma-glass-effect-no elementor-widget elementor-widget-heading\" data-id=\"45f79c00\" data-element_type=\"widget\" data-widget_type=\"heading.default\">\n\t\t\t\t<div class=\"elementor-widget-container\">\n\t\t\t\t\t<h2 class=\"elementor-heading-title elementor-size-default\"><a href=\"https:\/\/www.linkedin.com\/feed\/update\/urn:li:activity:7008764224025817089\/\">Collaboration agreement with VISA<\/a><\/h2>\t\t\t\t<\/div>\n\t\t\t\t<\/div>\n\t\t\t\t<div class=\"elementor-element elementor-element-7deb9472 elementor-blockquote--button-color-custom elementor-blockquote--skin-border jltma-glass-effect-no elementor-widget elementor-widget-blockquote\" data-id=\"7deb9472\" data-element_type=\"widget\" data-widget_type=\"blockquote.default\">\n\t\t\t\t<div class=\"elementor-widget-container\">\n\t\t\t\t\t\t\t<blockquote class=\"elementor-blockquote\">\n\t\t\t<p class=\"elementor-blockquote__content\">\n\t\t\t\tThe 'fintech' of payment methods WIPAY and Visa join forces to promote the digitization of payments in new sectors. The agreement will allow WIPAY to be a benchmark in the payment industry and Visa reinforces its commitment to the Spanish fintech ecosystem.<br><br><a href=\"https:\/\/www.linkedin.com\/feed\/update\/urn:li:activity:7008764224025817089\/\" target=\"_blank\"><span>VER NOTICIA<\/span><\/a>\t\t\t<\/p>\n\t\t\t\t\t<\/blockquote>\n\t\t\t\t\t\t<\/div>\n\t\t\t\t<\/div>\n\t\t\t\t<div class=\"elementor-element elementor-element-28105c69 jltma-glass-effect-no elementor-widget elementor-widget-image\" data-id=\"28105c69\" data-element_type=\"widget\" data-widget_type=\"image.default\">\n\t\t\t\t<div class=\"elementor-widget-container\">\n\t\t\t\t\t\t\t\t\t\t\t\t\t\t\t<img decoding=\"async\" width=\"800\" height=\"534\" src=\"https:\/\/wipay.es\/wp-content\/uploads\/2022\/10\/1_Visa-color-1024x683.png\" class=\"attachment-large size-large wp-image-361\" alt=\"\" srcset=\"https:\/\/wipay.es\/wp-content\/uploads\/2022\/10\/1_Visa-color-1024x683.png 1024w, https:\/\/wipay.es\/wp-content\/uploads\/2022\/10\/1_Visa-color-300x200.png 300w, https:\/\/wipay.es\/wp-content\/uploads\/2022\/10\/1_Visa-color-768x512.png 768w, https:\/\/wipay.es\/wp-content\/uploads\/2022\/10\/1_Visa-color.png 1251w\" sizes=\"(max-width: 800px) 100vw, 800px\" \/>\t\t\t\t\t\t\t\t\t\t\t\t\t\t\t<\/div>\n\t\t\t\t<\/div>\n\t\t\t\t\t<\/div>\n\t\t<\/div>\n\t\t\t\t\t<\/div>\n\t\t<\/section>\n\t\t\t\t<section class=\"has_ma_el_bg_slider elementor-section elementor-top-section elementor-element elementor-element-366eb818 elementor-section-content-middle elementor-section-boxed elementor-section-height-default elementor-section-height-default jltma-glass-effect-no\" data-id=\"366eb818\" data-element_type=\"section\">\n\t\t\t\t\t\t<div class=\"elementor-container elementor-column-gap-no\">\n\t\t\t\t\t<div class=\"has_ma_el_bg_slider elementor-column elementor-col-100 elementor-top-column elementor-element elementor-element-3e39c819 jltma-glass-effect-no\" data-id=\"3e39c819\" data-element_type=\"column\">\n\t\t\t<div class=\"elementor-widget-wrap elementor-element-populated\">\n\t\t\t\t\t\t<section class=\"has_ma_el_bg_slider elementor-section elementor-inner-section elementor-element elementor-element-3e6866b elementor-section-content-middle elementor-section-boxed elementor-section-height-default elementor-section-height-default jltma-glass-effect-no\" data-id=\"3e6866b\" data-element_type=\"section\">\n\t\t\t\t\t\t<div class=\"elementor-container elementor-column-gap-custom\">\n\t\t\t\t\t<div class=\"has_ma_el_bg_slider elementor-column elementor-col-33 elementor-inner-column elementor-element elementor-element-4d50ccac jltma-glass-effect-no\" data-id=\"4d50ccac\" data-element_type=\"column\" data-settings=\"{&quot;background_background&quot;:&quot;classic&quot;}\">\n\t\t\t<div class=\"elementor-widget-wrap elementor-element-populated\">\n\t\t\t\t\t\t<div class=\"elementor-element elementor-element-7db86791 prueba elementor-position-top jltma-glass-effect-no elementor-widget elementor-widget-image-box\" data-id=\"7db86791\" data-element_type=\"widget\" data-widget_type=\"image-box.default\">\n\t\t\t\t<div class=\"elementor-widget-container\">\n\t\t\t\t\t<div class=\"elementor-image-box-wrapper\"><figure class=\"elementor-image-box-img\"><img decoding=\"async\" width=\"1500\" height=\"994\" src=\"https:\/\/wipay.es\/wp-content\/uploads\/2022\/11\/nota-de-presnsa.png\" class=\"attachment-full size-full wp-image-2031\" alt=\"\" srcset=\"https:\/\/wipay.es\/wp-content\/uploads\/2022\/11\/nota-de-presnsa.png 1500w, https:\/\/wipay.es\/wp-content\/uploads\/2022\/11\/nota-de-presnsa-300x199.png 300w, https:\/\/wipay.es\/wp-content\/uploads\/2022\/11\/nota-de-presnsa-1024x679.png 1024w, https:\/\/wipay.es\/wp-content\/uploads\/2022\/11\/nota-de-presnsa-768x509.png 768w\" sizes=\"(max-width: 1500px) 100vw, 1500px\" \/><\/figure><div class=\"elementor-image-box-content\"><h3 class=\"elementor-image-box-title\">New AEFI partner  <a href=\"https:\/\/twitter.com\/asocfintechins\/status\/1503652637752844288\" target=\"_blank\"><span class=\"noticiatwitter\">Twitter<\/span><\/a><\/h3><p class=\"elementor-image-box-description\">We are very happy to tell you that #WIPAY joins @asocfintechins within our #PayTech vertical!<\/p><\/div><\/div>\t\t\t\t<\/div>\n\t\t\t\t<\/div>\n\t\t\t\t\t<\/div>\n\t\t<\/div>\n\t\t\t\t<div class=\"has_ma_el_bg_slider elementor-column elementor-col-33 elementor-inner-column elementor-element elementor-element-70a522d jltma-glass-effect-no\" data-id=\"70a522d\" data-element_type=\"column\" data-settings=\"{&quot;background_background&quot;:&quot;classic&quot;}\">\n\t\t\t<div class=\"elementor-widget-wrap elementor-element-populated\">\n\t\t\t\t\t\t<div class=\"elementor-element elementor-element-da11471 elementor-position-top jltma-glass-effect-no elementor-widget elementor-widget-image-box\" data-id=\"da11471\" data-element_type=\"widget\" data-widget_type=\"image-box.default\">\n\t\t\t\t<div class=\"elementor-widget-container\">\n\t\t\t\t\t<div class=\"elementor-image-box-wrapper\"><figure class=\"elementor-image-box-img\"><img loading=\"lazy\" decoding=\"async\" width=\"2000\" height=\"1310\" src=\"https:\/\/wipay.es\/wp-content\/uploads\/2022\/11\/convergentes.png\" class=\"attachment-full size-full wp-image-2036\" alt=\"\" srcset=\"https:\/\/wipay.es\/wp-content\/uploads\/2022\/11\/convergentes.png 2000w, https:\/\/wipay.es\/wp-content\/uploads\/2022\/11\/convergentes-300x197.png 300w, https:\/\/wipay.es\/wp-content\/uploads\/2022\/11\/convergentes-1024x671.png 1024w, https:\/\/wipay.es\/wp-content\/uploads\/2022\/11\/convergentes-768x503.png 768w, https:\/\/wipay.es\/wp-content\/uploads\/2022\/11\/convergentes-1536x1006.png 1536w\" sizes=\"(max-width: 2000px) 100vw, 2000px\" \/><\/figure><div class=\"elementor-image-box-content\"><h3 class=\"elementor-image-box-title\">We are part of <a href=\"https:\/\/www.yogonet.com\/latinoamerica\/\/noticias\/2022\/03\/14\/89580-global-payments-systems-se-suma-al-club-de-convergentes\" target=\"_blank\"><span class=\"noticiaconvergentes\">Convergent Club<\/span><\/a><\/h3><p class=\"elementor-image-box-description\">Global Payments Systems has formalised its membership of the Spanish association of manufacturers of gaming machines and systems.<\/p><\/div><\/div>\t\t\t\t<\/div>\n\t\t\t\t<\/div>\n\t\t\t\t\t<\/div>\n\t\t<\/div>\n\t\t\t\t<div class=\"has_ma_el_bg_slider elementor-column elementor-col-33 elementor-inner-column elementor-element elementor-element-e3f2ec3 jltma-glass-effect-no\" data-id=\"e3f2ec3\" data-element_type=\"column\" data-settings=\"{&quot;background_background&quot;:&quot;classic&quot;}\">\n\t\t\t<div class=\"elementor-widget-wrap elementor-element-populated\">\n\t\t\t\t\t\t<div class=\"elementor-element elementor-element-552d1d2 elementor-position-top jltma-glass-effect-no elementor-widget elementor-widget-image-box\" data-id=\"552d1d2\" data-element_type=\"widget\" data-widget_type=\"image-box.default\">\n\t\t\t\t<div class=\"elementor-widget-container\">\n\t\t\t\t\t<div class=\"elementor-image-box-wrapper\"><figure class=\"elementor-image-box-img\"><img loading=\"lazy\" decoding=\"async\" width=\"2000\" height=\"1310\" src=\"https:\/\/wipay.es\/wp-content\/uploads\/2022\/11\/premios.png\" class=\"attachment-full size-full wp-image-2117\" alt=\"\" srcset=\"https:\/\/wipay.es\/wp-content\/uploads\/2022\/11\/premios.png 2000w, https:\/\/wipay.es\/wp-content\/uploads\/2022\/11\/premios-300x197.png 300w, https:\/\/wipay.es\/wp-content\/uploads\/2022\/11\/premios-1024x671.png 1024w, https:\/\/wipay.es\/wp-content\/uploads\/2022\/11\/premios-768x503.png 768w, https:\/\/wipay.es\/wp-content\/uploads\/2022\/11\/premios-1536x1006.png 1536w\" sizes=\"(max-width: 2000px) 100vw, 2000px\" \/><\/figure><div class=\"elementor-image-box-content\"><h3 class=\"elementor-image-box-title\">22nd Emprende Awards <a href=\"https:\/\/www.youtube.com\/watch?v=W1YICpuX9rg\" target=\"_blank\"><span class=\"noticiapremios\">Youtube<\/span><\/a><\/h3><p class=\"elementor-image-box-description\">In the \"Business Project\" category, the award went to Global Payment Systems, a company based in Martos.<\/p><\/div><\/div>\t\t\t\t<\/div>\n\t\t\t\t<\/div>\n\t\t\t\t\t<\/div>\n\t\t<\/div>\n\t\t\t\t\t<\/div>\n\t\t<\/section>\n\t\t\t\t\t<\/div>\n\t\t<\/div>\n\t\t\t\t\t<\/div>\n\t\t<\/section>\n\t\t\t\t<\/div>","protected":false},"excerpt":{"rendered":"<p>SALA DE PRENSA El \u00e9xito de Wipay en noticias Acuerdo de colaboraci\u00f3n con VISA La \u2018fintech\u2019 de medios de pago WIPAY y Visa se al\u00edan para impulsar la digitalizaci\u00f3n de los pagos en nuevos sectores. El acuerdo permitir\u00e1 a WIPAY ser referente en la industria de los pagos y Visa refuerza su compromiso con el [&hellip;]<\/p>","protected":false},"author":2,"featured_media":0,"parent":0,"menu_order":0,"comment_status":"closed","ping_status":"closed","template":"","meta":{"om_disable_all_campaigns":false,"inline_featured_image":false,"footnotes":""},"class_list":["post-2006","page","type-page","status-publish","hentry"],"aioseo_notices":[],"_links":{"self":[{"href":"http:\/\/wipay.es\/eu\/wp-json\/wp\/v2\/pages\/2006","targetHints":{"allow":["GET"]}}],"collection":[{"href":"http:\/\/wipay.es\/eu\/wp-json\/wp\/v2\/pages"}],"about":[{"href":"http:\/\/wipay.es\/eu\/wp-json\/wp\/v2\/types\/page"}],"author":[{"embeddable":true,"href":"http:\/\/wipay.es\/eu\/wp-json\/wp\/v2\/users\/2"}],"replies":[{"embeddable":true,"href":"http:\/\/wipay.es\/eu\/wp-json\/wp\/v2\/comments?post=2006"}],"version-history":[{"count":130,"href":"http:\/\/wipay.es\/eu\/wp-json\/wp\/v2\/pages\/2006\/revisions"}],"predecessor-version":[{"id":2640,"href":"http:\/\/wipay.es\/eu\/wp-json\/wp\/v2\/pages\/2006\/revisions\/2640"}],"wp:attachment":[{"href":"http:\/\/wipay.es\/eu\/wp-json\/wp\/v2\/media?parent=2006"}],"curies":[{"name":"wp","href":"https:\/\/api.w.org\/{rel}","templated":true}]}}