{"id":1975,"date":"2022-11-09T08:02:47","date_gmt":"2022-11-09T08:02:47","guid":{"rendered":"https:\/\/wipay.es\/?page_id=1975"},"modified":"2022-11-09T09:52:45","modified_gmt":"2022-11-09T09:52:45","slug":"faqs","status":"publish","type":"page","link":"http:\/\/wipay.es\/eu\/faqs\/","title":{"rendered":"FAQs"},"content":{"rendered":"<div data-elementor-type=\"wp-page\" data-elementor-id=\"1975\" class=\"elementor elementor-1975\" data-elementor-post-type=\"page\">\n\t\t\t\t\t\t<section class=\"has_ma_el_bg_slider elementor-section elementor-top-section elementor-element elementor-element-2a8c54ef elementor-section-content-middle elementor-section-boxed elementor-section-height-default elementor-section-height-default jltma-glass-effect-no\" data-id=\"2a8c54ef\" data-element_type=\"section\" data-settings=\"{&quot;background_background&quot;:&quot;classic&quot;}\">\n\t\t\t\t\t\t<div class=\"elementor-container elementor-column-gap-no\">\n\t\t\t\t\t<div class=\"has_ma_el_bg_slider elementor-column elementor-col-100 elementor-top-column elementor-element elementor-element-70c78c17 jltma-glass-effect-no\" data-id=\"70c78c17\" data-element_type=\"column\">\n\t\t\t<div class=\"elementor-widget-wrap elementor-element-populated\">\n\t\t\t\t\t\t<div class=\"elementor-element elementor-element-1752df91 jltma-glass-effect-no elementor-widget elementor-widget-heading\" data-id=\"1752df91\" data-element_type=\"widget\" data-widget_type=\"heading.default\">\n\t\t\t\t<div class=\"elementor-widget-container\">\n\t\t\t\t\t<h2 class=\"elementor-heading-title elementor-size-default\">PREGUNTAS FRECUENTES FAQS<\/h2>\t\t\t\t<\/div>\n\t\t\t\t<\/div>\n\t\t\t\t<div class=\"elementor-element elementor-element-c3a30c3 jltma-glass-effect-no elementor-widget elementor-widget-heading\" data-id=\"c3a30c3\" data-element_type=\"widget\" data-widget_type=\"heading.default\">\n\t\t\t\t<div class=\"elementor-widget-container\">\n\t\t\t\t\t<h4 class=\"elementor-heading-title elementor-size-default\">Resuelve tus dudas<\/h4>\t\t\t\t<\/div>\n\t\t\t\t<\/div>\n\t\t\t\t<div class=\"elementor-element elementor-element-3784cf76 jltma-glass-effect-no elementor-widget elementor-widget-toggle\" data-id=\"3784cf76\" data-element_type=\"widget\" data-widget_type=\"toggle.default\">\n\t\t\t\t<div class=\"elementor-widget-container\">\n\t\t\t\t\t\t\t<div class=\"elementor-toggle\">\n\t\t\t\t\t\t\t<div class=\"elementor-toggle-item\">\n\t\t\t\t\t<div id=\"elementor-tab-title-9311\" class=\"elementor-tab-title\" data-tab=\"1\" role=\"button\" aria-controls=\"elementor-tab-content-9311\" aria-expanded=\"false\">\n\t\t\t\t\t\t\t\t\t\t\t\t<a class=\"elementor-toggle-title\" tabindex=\"0\">\u00bfQu\u00e9 es Wipay?<\/a>\n\t\t\t\t\t<\/div>\n\n\t\t\t\t\t<div id=\"elementor-tab-content-9311\" class=\"elementor-tab-content elementor-clearfix\" data-tab=\"1\" role=\"region\" aria-labelledby=\"elementor-tab-title-9311\"><p>Wipay es la marca comercial de la empresa Global Payment Systems, con licencia europea como entidad de pago que ofreciendo servicios de financieros a empresas.<\/p><\/div>\n\t\t\t\t<\/div>\n\t\t\t\t\t\t\t<div class=\"elementor-toggle-item\">\n\t\t\t\t\t<div id=\"elementor-tab-title-9312\" class=\"elementor-tab-title\" data-tab=\"2\" role=\"button\" aria-controls=\"elementor-tab-content-9312\" aria-expanded=\"false\">\n\t\t\t\t\t\t\t\t\t\t\t\t<a class=\"elementor-toggle-title\" tabindex=\"0\">\u00bfQu\u00e9 productos y soluciones ofrecemos?<\/a>\n\t\t\t\t\t<\/div>\n\n\t\t\t\t\t<div id=\"elementor-tab-content-9312\" class=\"elementor-tab-content elementor-clearfix\" data-tab=\"2\" role=\"region\" aria-labelledby=\"elementor-tab-title-9312\"><p>Ofrecemos una serie de productos y servicios financieros integrables en cualquier sector comercial del mercado.<\/p><\/div>\n\t\t\t\t<\/div>\n\t\t\t\t\t\t\t<div class=\"elementor-toggle-item\">\n\t\t\t\t\t<div id=\"elementor-tab-title-9313\" class=\"elementor-tab-title\" data-tab=\"3\" role=\"button\" aria-controls=\"elementor-tab-content-9313\" aria-expanded=\"false\">\n\t\t\t\t\t\t\t\t\t\t\t\t<a class=\"elementor-toggle-title\" tabindex=\"0\">\u00bfEs seguro el entorno de Wipay?<\/a>\n\t\t\t\t\t<\/div>\n\n\t\t\t\t\t<div id=\"elementor-tab-content-9313\" class=\"elementor-tab-content elementor-clearfix\" data-tab=\"3\" role=\"region\" aria-labelledby=\"elementor-tab-title-9313\"><p>S\u00ed. En Wipay contamos con una pol\u00edtica de salvaguarda a trav\u00e9s de la cual una entidad de cr\u00e9dito, se encarga de proteger los fondos confiados por nuestros clientes. Los fondos de los clientes de Wipay depositados en esta cuenta de salvaguarda no se confundir\u00e1n, en ning\u00fan momento, con los fondos de ninguna otra persona f\u00edsica o jur\u00eddica que no sean usuarios de servicios de pago en cuyo nombre se dispone de los fondos. Asimismo, dichos fondos depositados en la cuenta de salvaguarda gozan del derecho de separaci\u00f3n sobre dicha cuenta con respecto a posibles reclamaciones de otros acreedores de Wipay, conforme a lo previsto en el art\u00edculo 21.1 a) del Real Decreto-ley N\u00ba 19\/2018, de 23 de noviembre, de servicios de pago y otras medidas urgentes en materia financiera.<\/p><\/div>\n\t\t\t\t<\/div>\n\t\t\t\t\t\t\t<div class=\"elementor-toggle-item\">\n\t\t\t\t\t<div id=\"elementor-tab-title-9314\" class=\"elementor-tab-title\" data-tab=\"4\" role=\"button\" aria-controls=\"elementor-tab-content-9314\" aria-expanded=\"false\">\n\t\t\t\t\t\t\t\t\t\t\t\t<a class=\"elementor-toggle-title\" tabindex=\"0\">\u00bfEsta wipay sometida a alg\u00fan tipo de regulaci\u00f3n?<\/a>\n\t\t\t\t\t<\/div>\n\n\t\t\t\t\t<div id=\"elementor-tab-content-9314\" class=\"elementor-tab-content elementor-clearfix\" data-tab=\"4\" role=\"region\" aria-labelledby=\"elementor-tab-title-9314\"><p>Global Payment Systems es una entidad de pago regulada bajo licencia por el Banco de Espa\u00f1a, por el Real Decreto-ley 19\/2018, de 23 de noviembre, de servicios de pago y otras medidas urgentes en materia financiera y disposiciones concordantes en materia de servicios de pago y entidades de pago, entidades de dinero electr\u00f3nico y ordenaci\u00f3n, supervisi\u00f3n y solvencia de entidades de cr\u00e9dito. El Banco de Espa\u00f1a est\u00e1 reconocido por su exigencia y control riguroso para la concesi\u00f3n de licencias.<\/p><\/div>\n\t\t\t\t<\/div>\n\t\t\t\t\t\t\t\t<\/div>\n\t\t\t\t\t\t<\/div>\n\t\t\t\t<\/div>\n\t\t\t\t\t<\/div>\n\t\t<\/div>\n\t\t\t\t\t<\/div>\n\t\t<\/section>\n\t\t\t\t<\/div>","protected":false},"excerpt":{"rendered":"<p>PREGUNTAS FRECUENTES FAQS Resuelve tus dudas \u00bfQu\u00e9 es Wipay? Wipay es la marca comercial de la empresa Global Payment Systems, con licencia europea como entidad de pago que ofreciendo servicios de financieros a empresas. \u00bfQu\u00e9 productos y soluciones ofrecemos? Ofrecemos una serie de productos y servicios financieros integrables en cualquier sector comercial del mercado. \u00bfEs [&hellip;]<\/p>","protected":false},"author":2,"featured_media":0,"parent":0,"menu_order":0,"comment_status":"closed","ping_status":"closed","template":"","meta":{"om_disable_all_campaigns":false,"inline_featured_image":false,"footnotes":""},"class_list":["post-1975","page","type-page","status-publish","hentry"],"aioseo_notices":[],"_links":{"self":[{"href":"http:\/\/wipay.es\/eu\/wp-json\/wp\/v2\/pages\/1975","targetHints":{"allow":["GET"]}}],"collection":[{"href":"http:\/\/wipay.es\/eu\/wp-json\/wp\/v2\/pages"}],"about":[{"href":"http:\/\/wipay.es\/eu\/wp-json\/wp\/v2\/types\/page"}],"author":[{"embeddable":true,"href":"http:\/\/wipay.es\/eu\/wp-json\/wp\/v2\/users\/2"}],"replies":[{"embeddable":true,"href":"http:\/\/wipay.es\/eu\/wp-json\/wp\/v2\/comments?post=1975"}],"version-history":[{"count":16,"href":"http:\/\/wipay.es\/eu\/wp-json\/wp\/v2\/pages\/1975\/revisions"}],"predecessor-version":[{"id":1996,"href":"http:\/\/wipay.es\/eu\/wp-json\/wp\/v2\/pages\/1975\/revisions\/1996"}],"wp:attachment":[{"href":"http:\/\/wipay.es\/eu\/wp-json\/wp\/v2\/media?parent=1975"}],"curies":[{"name":"wp","href":"https:\/\/api.w.org\/{rel}","templated":true}]}}